{"id":16256,"date":"2016-01-18T20:40:57","date_gmt":"2016-01-18T20:40:57","guid":{"rendered":"https:\/\/sandbox.favethemes.com\/houzez\/?page_id=12"},"modified":"2016-01-18T20:40:57","modified_gmt":"2016-01-18T20:40:57","slug":"favorite-properties","status":"publish","type":"page","link":"https:\/\/domy-mauritius.pl\/pl\/ulubione-wlasciwosci\/","title":{"rendered":"Ulubione w\u0142a\u015bciwo\u015bci"},"content":{"rendered":"","protected":false},"excerpt":{"rendered":"","protected":false},"author":1,"featured_media":0,"parent":0,"menu_order":0,"comment_status":"closed","ping_status":"closed","template":"template\/user_dashboard_favorites.php","meta":{"_monsterinsights_skip_tracking":false,"_monsterinsights_sitenote_active":false,"_monsterinsights_sitenote_note":"","_monsterinsights_sitenote_category":0,"footnotes":""},"class_list":["post-16256","page","type-page","status-publish","hentry"],"yoast_head":"<!-- This site is optimized with the Yoast SEO plugin v27.0 - https:\/\/yoast.com\/product\/yoast-seo-wordpress\/ -->\n<title>Favorite Properties - Domy Mauritius - Zainwestuj w raju na ziemi<\/title>\n<meta name=\"robots\" content=\"index, follow, max-snippet:-1, max-image-preview:large, max-video-preview:-1\" \/>\n<link rel=\"canonical\" href=\"https:\/\/domy-mauritius.pl\/pl\/ulubione-wlasciwosci\/\" \/>\n<meta property=\"og:locale\" content=\"pl_PL\" \/>\n<meta property=\"og:type\" content=\"article\" \/>\n<meta property=\"og:title\" content=\"Favorite Properties - Domy Mauritius - Zainwestuj w raju na ziemi\" \/>\n<meta property=\"og:url\" content=\"https:\/\/domy-mauritius.pl\/pl\/ulubione-wlasciwosci\/\" \/>\n<meta property=\"og:site_name\" content=\"Domy Mauritius - Zainwestuj w raju na ziemi\" \/>\n<meta property=\"article:publisher\" content=\"https:\/\/www.facebook.com\/domymauritius\" \/>\n<meta name=\"twitter:card\" content=\"summary_large_image\" \/>\n<script type=\"application\/ld+json\" class=\"yoast-schema-graph\">{\"@context\":\"https:\/\/schema.org\",\"@graph\":[{\"@type\":\"WebPage\",\"@id\":\"https:\/\/domy-mauritius.pl\/ulubione-wlasciwosci\/\",\"url\":\"https:\/\/domy-mauritius.pl\/ulubione-wlasciwosci\/\",\"name\":\"Favorite Properties - Domy Mauritius - Zainwestuj w raju na ziemi\",\"isPartOf\":{\"@id\":\"https:\/\/domy-mauritius.pl\/pl\/#website\"},\"datePublished\":\"2016-01-18T20:40:57+00:00\",\"breadcrumb\":{\"@id\":\"https:\/\/domy-mauritius.pl\/ulubione-wlasciwosci\/#breadcrumb\"},\"inLanguage\":\"pl-PL\",\"potentialAction\":[{\"@type\":\"ReadAction\",\"target\":[\"https:\/\/domy-mauritius.pl\/ulubione-wlasciwosci\/\"]}]},{\"@type\":\"BreadcrumbList\",\"@id\":\"https:\/\/domy-mauritius.pl\/ulubione-wlasciwosci\/#breadcrumb\",\"itemListElement\":[{\"@type\":\"ListItem\",\"position\":1,\"name\":\"Strona g\u0142\u00f3wna\",\"item\":\"https:\/\/domy-mauritius.pl\/\"},{\"@type\":\"ListItem\",\"position\":2,\"name\":\"Favorite Properties\"}]},{\"@type\":\"WebSite\",\"@id\":\"https:\/\/domy-mauritius.pl\/pl\/#website\",\"url\":\"https:\/\/domy-mauritius.pl\/pl\/\",\"name\":\"Domy Mauritius - Zainwestuj w raju na ziemi\",\"description\":\"\",\"publisher\":{\"@id\":\"https:\/\/domy-mauritius.pl\/pl\/#organization\"},\"potentialAction\":[{\"@type\":\"SearchAction\",\"target\":{\"@type\":\"EntryPoint\",\"urlTemplate\":\"https:\/\/domy-mauritius.pl\/pl\/?s={search_term_string}\"},\"query-input\":{\"@type\":\"PropertyValueSpecification\",\"valueRequired\":true,\"valueName\":\"search_term_string\"}}],\"inLanguage\":\"pl-PL\"},{\"@type\":\"Organization\",\"@id\":\"https:\/\/domy-mauritius.pl\/pl\/#organization\",\"name\":\"Domy Mauritius - Zainwestuj w raju na ziemi\",\"url\":\"https:\/\/domy-mauritius.pl\/pl\/\",\"logo\":{\"@type\":\"ImageObject\",\"inLanguage\":\"pl-PL\",\"@id\":\"https:\/\/domy-mauritius.pl\/pl\/#\/schema\/logo\/image\/\",\"url\":\"https:\/\/domy-mauritius.pl\/wp-content\/uploads\/2016\/10\/logo-3.png\",\"contentUrl\":\"https:\/\/domy-mauritius.pl\/wp-content\/uploads\/2016\/10\/logo-3.png\",\"width\":130,\"height\":55,\"caption\":\"Domy Mauritius - Zainwestuj w raju na ziemi\"},\"image\":{\"@id\":\"https:\/\/domy-mauritius.pl\/pl\/#\/schema\/logo\/image\/\"},\"sameAs\":[\"https:\/\/www.facebook.com\/domymauritius\"]}]}<\/script>\n<!-- \/ Yoast SEO plugin. -->","yoast_head_json":{"title":"Ulubione nieruchomo\u015bci - Domy Mauritius - Zainwestuj w raju na ziemi","robots":{"index":"index","follow":"follow","max-snippet":"max-snippet:-1","max-image-preview":"max-image-preview:large","max-video-preview":"max-video-preview:-1"},"canonical":"https:\/\/domy-mauritius.pl\/pl\/ulubione-wlasciwosci\/","og_locale":"pl_PL","og_type":"article","og_title":"Favorite Properties - Domy Mauritius - Zainwestuj w raju na ziemi","og_url":"https:\/\/domy-mauritius.pl\/pl\/ulubione-wlasciwosci\/","og_site_name":"Domy Mauritius - Zainwestuj w raju na ziemi","article_publisher":"https:\/\/www.facebook.com\/domymauritius","twitter_card":"summary_large_image","schema":{"@context":"https:\/\/schema.org","@graph":[{"@type":"WebPage","@id":"https:\/\/domy-mauritius.pl\/ulubione-wlasciwosci\/","url":"https:\/\/domy-mauritius.pl\/ulubione-wlasciwosci\/","name":"Ulubione nieruchomo\u015bci - Domy Mauritius - Zainwestuj w raju na ziemi","isPartOf":{"@id":"https:\/\/domy-mauritius.pl\/pl\/#website"},"datePublished":"2016-01-18T20:40:57+00:00","breadcrumb":{"@id":"https:\/\/domy-mauritius.pl\/ulubione-wlasciwosci\/#breadcrumb"},"inLanguage":"pl-PL","potentialAction":[{"@type":"ReadAction","target":["https:\/\/domy-mauritius.pl\/ulubione-wlasciwosci\/"]}]},{"@type":"BreadcrumbList","@id":"https:\/\/domy-mauritius.pl\/ulubione-wlasciwosci\/#breadcrumb","itemListElement":[{"@type":"ListItem","position":1,"name":"Strona g\u0142\u00f3wna","item":"https:\/\/domy-mauritius.pl\/"},{"@type":"ListItem","position":2,"name":"Favorite Properties"}]},{"@type":"WebSite","@id":"https:\/\/domy-mauritius.pl\/pl\/#website","url":"https:\/\/domy-mauritius.pl\/pl\/","name":"Domy Mauritius - Zainwestuj w raju na ziemi","description":"","publisher":{"@id":"https:\/\/domy-mauritius.pl\/pl\/#organization"},"potentialAction":[{"@type":"SearchAction","target":{"@type":"EntryPoint","urlTemplate":"https:\/\/domy-mauritius.pl\/pl\/?s={search_term_string}"},"query-input":{"@type":"PropertyValueSpecification","valueRequired":true,"valueName":"search_term_string"}}],"inLanguage":"pl-PL"},{"@type":"Organization","@id":"https:\/\/domy-mauritius.pl\/pl\/#organization","name":"Domy Mauritius - Zainwestuj w raju na ziemi","url":"https:\/\/domy-mauritius.pl\/pl\/","logo":{"@type":"ImageObject","inLanguage":"pl-PL","@id":"https:\/\/domy-mauritius.pl\/pl\/#\/schema\/logo\/image\/","url":"https:\/\/domy-mauritius.pl\/wp-content\/uploads\/2016\/10\/logo-3.png","contentUrl":"https:\/\/domy-mauritius.pl\/wp-content\/uploads\/2016\/10\/logo-3.png","width":130,"height":55,"caption":"Domy Mauritius - Zainwestuj w raju na ziemi"},"image":{"@id":"https:\/\/domy-mauritius.pl\/pl\/#\/schema\/logo\/image\/"},"sameAs":["https:\/\/www.facebook.com\/domymauritius"]}]}},"_links":{"self":[{"href":"https:\/\/domy-mauritius.pl\/pl\/wp-json\/wp\/v2\/pages\/16256","targetHints":{"allow":["GET"]}}],"collection":[{"href":"https:\/\/domy-mauritius.pl\/pl\/wp-json\/wp\/v2\/pages"}],"about":[{"href":"https:\/\/domy-mauritius.pl\/pl\/wp-json\/wp\/v2\/types\/page"}],"author":[{"embeddable":true,"href":"https:\/\/domy-mauritius.pl\/pl\/wp-json\/wp\/v2\/users\/1"}],"replies":[{"embeddable":true,"href":"https:\/\/domy-mauritius.pl\/pl\/wp-json\/wp\/v2\/comments?post=16256"}],"version-history":[{"count":0,"href":"https:\/\/domy-mauritius.pl\/pl\/wp-json\/wp\/v2\/pages\/16256\/revisions"}],"wp:attachment":[{"href":"https:\/\/domy-mauritius.pl\/pl\/wp-json\/wp\/v2\/media?parent=16256"}],"curies":[{"name":"wp","href":"https:\/\/api.w.org\/{rel}","templated":true}]}}